{"id":7019698,"date":"2023-02-13T12:49:33","date_gmt":"2023-02-13T12:49:33","guid":{"rendered":"http:\/\/63.32.70.9\/?page_id=7019698"},"modified":"2025-10-10T09:28:48","modified_gmt":"2025-10-10T07:28:48","slug":"terminos-y-condiciones-de-homyspace-programa-de-recompensas","status":"publish","type":"page","link":"https:\/\/www.homyspace.com\/blog\/terminos-y-condiciones-de-homyspace-programa-de-recompensas\/","title":{"rendered":"Terminos y Condiciones del Programa de Recompensas de Homyspace"},"content":{"rendered":"<h5><span style=\"color: #ff9900;\">Publicado: 13 de Febrero de 2023<\/span><\/h5>\n<h5><span style=\"color: #ff9900;\">Actualizado: 10 de Octubre de 2025<\/span><\/h5>\n<h2><span style=\"font-weight: 400;\">1.- EMPRESA ORGANIZADORA<\/span><\/h2>\n<p><span style=\"font-weight: 400;\">La empresa HOMYSPACE BUSINESS HOUSING, S.L. con domicilio en <\/span><span style=\"font-weight: 400;\">Avinguda al Vedat 180 M\u00f3dulo A-7, 46900 Torrent, Valencia<\/span><span style=\"font-weight: 400;\"> y CIF B98849060 lanza la campa\u00f1a \u201cPROGRAMA DE RECOMPENSAS\u201d (en adelante, \u201cla Promoci\u00f3n\u201d) para ser implementada online y para CUALQUIER persona mayor de edad de acuerdo con lo dispuesto en el apartado de condiciones de participaci\u00f3n.<\/span><\/p>\n<h2><span style=\"font-weight: 400;\">2.-FECHA DE INICIO Y FECHA DE FIN<\/span><\/h2>\n<p><span style=\"font-weight: 400;\">La campa\u00f1a \u201cPROGRAMA DE RECOMPENSAS\u201d comenzar\u00e1 el 15 de Febrero de 2023 y finalizar\u00e1 el 31 de diciembre de 2025.<\/span><\/p>\n<h2><span style=\"font-weight: 400;\">3.- REQUISITOS PARA PARTICIPAR Y TR\u00c1MITE<\/span><\/h2>\n<p><span style=\"font-weight: 400;\">Los requisitos para participar son los siguientes: Podr\u00e1n participar en la campa\u00f1a aquellos propietarios mayores de 18 a\u00f1os. Los participantes podr\u00e1n referir a tantas personas como deseen y recibir\u00e1n la recompensa correspondiente al n\u00famero de propietarios referidos a Homyspace, siempre que: el referido sea un propietario, su inmueble haya sido publicado en Homyspace y el nuevo inmueble reciba a su primer inquilino de Homyspace.<\/span><\/p>\n<p><span style=\"font-weight: 400;\">Los propietarios referidos ser\u00e1n nuevos propietarios que no hayan alquilado su propiedad -o propiedades- anteriormente con Homyspace.<\/span><\/p>\n<p><span style=\"font-weight: 400;\">Las propiedades deber\u00e1n estar ubicadas en cualquiera de las ciudades en Espa\u00f1a donde trabaje Homyspace.<\/span><\/p>\n<p><span style=\"font-weight: 400;\">Los arrendadores deber\u00e1n poseer una prueba de la propiedad del inmueble o cualquier otro t\u00edtulo que autorice al arrendador a alquilar el inmueble. Homyspace podr\u00e1 solicitar dicho comprobante o t\u00edtulo a efectos de verificaci\u00f3n en caso de ser necesario. El proceso consta de los siguientes pasos:<\/span><\/p>\n<h3><span style=\"font-weight: 400;\">REFERENCIAS DE PROPIETARIOS<\/span><\/h3>\n<p><span style=\"font-weight: 400;\">El propietario A, env\u00eda su enlace personalizado a otra(s) PERSONA(S) (B, C, D\u2026) que sea propietaria de uno o varios inmuebles en alquiler en el citado pa\u00eds, para que se registre como anfitri\u00f3n. Homyspace verificar\u00e1 que la fecha de creaci\u00f3n del nuevo propietario coincida con la fecha de entrada en vigor del programa, que se haya registrado exclusivamente con el enlace personalizado y que se cumplan todos los dem\u00e1s requisitos. Una vez que se efect\u00fae el check in correspondiente (sin incidencias), Homyspace enviar\u00e1 un correo electr\u00f3nico a la(s) PERSONA(S) (A, B, C, D\u2026) seg\u00fan corresponda para informar sobre la recompensa obtenida. <\/span>Las condiciones anteriores deben cumplirse para poder obtener la recompensa.<\/p>\n<p><span style=\"font-weight: 400;\">Para propietarios recomendados de forma satisfactoria, esta recompensa se materializa en forma de cupones de Amazon por valor de 30\u20ac hasta el 06 de octubre de 2025 (incluido) y por valor de 50\u20ac a partir del 10 de octubre de 2025 (incluido) y se pagar\u00e1 tanto al propietario recomendador como al propietario recomendado solo si se cumplen las siguientes condiciones:<\/span><\/p>\n<ul>\n<li><span style=\"font-weight: 400;\">El propietario referido haya aceptado anunciar su propiedad en Homyspace.<\/span><\/li>\n<li><span style=\"font-weight: 400;\">El primer inquilino haya efectuado el check in en la propiedad de forma satisfactoria (sin incidencias).<\/span><\/li>\n<\/ul>\n<h3><span style=\"font-weight: 400;\">REFERENCIAS DE INQUILINOS<\/span><\/h3>\n<p><span style=\"font-weight: 400;\">El Inquilino A, proporcionar\u00e1 un enlace al Inquilino B para que \u00e9ste realice su reserva correspondiente. Homyspace verificar\u00e1 que la fecha de creaci\u00f3n de la nueva reserva coincida con la fecha de entrada en vigor del programa y que se cumplan todos los dem\u00e1s requisitos. Una vez que se efect\u00fae el check in correspondiente (sin incidencias), Homyspace enviar\u00e1 un correo electr\u00f3nico al Inquilino A y al Inquilino B para informar sobre la recompensa obtenida. Las condiciones anteriores deben cumplirse para poder obtener la recompensa.<\/span><\/p>\n<p><span style=\"font-weight: 400;\">En el caso de nuevos clientes que reserven un alojamiento con Homyspace, esta recompensa tomar\u00e1 forma de cupones de Amazon por valor de 30\u20ac <\/span><span style=\"font-weight: 400;\">hasta el 06 de octubre de 2025 (incluido) y por valor de 100\u20ac a partir del 10 de octubre de 2025 (incluido)<\/span><span style=\"font-weight: 400;\"> y se otorgar\u00e1 solo si se cumplen las siguientes condiciones<\/span>:<\/p>\n<ul>\n<li><span style=\"font-weight: 400;\">El primer inquilino haya efectuado el check in en la propiedad de forma satisfactoria (sin incidencias).<\/span><\/li>\n<\/ul>\n<p>La entrada en vigor del programa de recompensas para Inquilinos es el 13 de Diciembre de 2023.<\/p>\n<h2><span style=\"font-weight: 400;\">4.- CONDICIONES DE LA PROMOCI\u00d3N Y RECOMPENSA<\/span><\/h2>\n<p><span style=\"font-weight: 400;\">Los participantes que resulten ganadores de un premio\/recompensa ser\u00e1n notificados de su recompensa individualmente y por correo electr\u00f3nico, de forma quincenal a partir del 15 de Febrero de 2023 hasta el 31 de diciembre de 2025.<\/span><\/p>\n<h2><span style=\"font-weight: 400;\">5.- LIMITACIONES<\/span><\/h2>\n<p><span style=\"font-weight: 400;\">En caso de que un participante no cumpla con los requisitos exigidos por las bases o los datos proporcionados para participar no sean v\u00e1lidos, o el participante no cuente con el consentimiento de la persona referida para compartir su contacto datos y\/o el participante ha abusado de estas reglas a criterio exclusivo de \u201cHomyspace\u201d, dicha participaci\u00f3n se considerar\u00e1 nula y el participante quedar\u00e1 autom\u00e1ticamente excluido de la Promoci\u00f3n, y perder\u00e1 todos los derechos de recepci\u00f3n otorgados de conformidad con esta Promoci\u00f3n.<\/span><\/p>\n<p><span style=\"font-weight: 400;\">El premio otorgado no ser\u00e1 transferible ni sujeto a cambios, alteraciones o compensaciones a solicitud de los Participantes, y el premio no podr\u00e1 ser canjeado por ning\u00fan otro producto. HOMYSPACE BUSINESS HOUSING S.L. se reserva el derecho, en caso de causa justificada y previo aviso legal, a modificar, suspender o prorrogar la presente Promoci\u00f3n. El ganador ser\u00e1 responsable de cualquier carga fiscal derivada de la aceptaci\u00f3n de los premios, as\u00ed como de cualquier otro gasto derivado de la promoci\u00f3n y no asumido expresamente por HOMYSPACE BUSINESS HOUSING S.L. en los t\u00e9rminos y condiciones legales aqu\u00ed establecidos. Se fija un t\u00e9rmino de QUINCE (15) d\u00edas contados a partir de la fecha de otorgamiento de la recompensa para presentar cualquier reclamo razonable. HOMYSPACE BUSINESS HOUSING S.L. se reserva el derecho de sustituir el premio por otro de similares caracter\u00edsticas en caso de ser necesario.<\/span><\/p>\n<h2><span style=\"font-weight: 400;\">6.- COMENTARIOS Y OPINIONES<\/span><\/h2>\n<p><span style=\"font-weight: 400;\">No se admitir\u00e1n comentarios u opiniones cuyo contenido se considere inadecuado, ofensivo, abusivo o discriminatorio o que puedan vulnerar derechos de terceros. Tambi\u00e9n estar\u00e1n prohibidos los comentarios dirigidos contra cualquier persona que vulnere los principios del derecho al honor, a la intimidad personal y familiar ya la propia imagen. Homyspace no ser\u00e1 responsable de los da\u00f1os causados por los comentarios de los participantes sobre la Promoci\u00f3n as\u00ed como por los comentarios que, en cualquier momento, puedan ofender a otros participantes.<\/span><\/p>\n<h2><span style=\"font-weight: 400;\">7.- EXENCI\u00d3N DE RESPONSABILIDAD<\/span><\/h2>\n<p><span style=\"font-weight: 400;\">Homyspace no ser\u00e1 responsable, a t\u00edtulo enunciativo pero no limitativo, de la p\u00e9rdida, robo, retraso o cualquier otra circunstancia imputable a terceros que pueda afectar al desarrollo de la presente Promoci\u00f3n. Homyspace no se hace responsable del uso que el participante haga del premio otorgado por esta Promoci\u00f3n y no se responsabiliza de los da\u00f1os o perjuicios de cualquier tipo que puedan sufrir los Participantes, el ganador y terceros. Homyspace no ser\u00e1 responsable en caso de fuerza mayor o caso fortuito que pudiera impedir el desarrollo de la Promoci\u00f3n o el disfrute total o parcial del premio. En caso de no realizaci\u00f3n de esta Promoci\u00f3n, ya sea por detecci\u00f3n de fraude, errores t\u00e9cnicos, o cualquier otra causa ajena a HOMYSPACE BUSINESS HOUSING S.L. que afecte al normal desarrollo de la Promoci\u00f3n, Homyspace se reserva el derecho a cancelar, modificar o suspender la Promoci\u00f3n, incluido el sitio web de participaci\u00f3n.<\/span><\/p>\n<h2><span style=\"font-weight: 400;\">9.- PROTECCI\u00d3N DE DATOS PERSONALES<\/span><\/h2>\n<p><span style=\"font-weight: 400;\">La persona recomendadora es la encargada del tratamiento de los datos personales del referido y es el responsable de recabar la informaci\u00f3n, de su veracidad y de obtener el consentimiento para el tratamiento de sus datos. El responsable del tratamiento de los referidos datos personales es HOMYSPACE BUSINESS HOUSING S.L. con domicilio en <\/span><span style=\"font-weight: 400;\">Avinguda al Vedat 180 M\u00f3dulo A-7, 46900 Torrent, Valencia<\/span><span style=\"font-weight: 400;\"> y n\u00famero de identificaci\u00f3n fiscal B98849060. HOMYSPACE BUSINESS HOUSING S.L. se toma muy en serio la protecci\u00f3n de su privacidad y de sus datos personales. Por lo tanto, su informaci\u00f3n personal se mantiene segura y se trata con el m\u00e1ximo cuidado. De conformidad con lo dispuesto en la normativa aplicable en protecci\u00f3n de datos y en concreto en el Reglamento (UE) 2016\/679 del Parlamento Europeo y del Consejo, de 27 de abril de 2016, relativo a la protecci\u00f3n de las personas f\u00edsicas en lo que respecta al tratamiento de datos personales y sobre la libre circulaci\u00f3n de dichos datos, los Participantes que aceptan las presentes Condiciones Legales aceptan que los datos facilitados para participar en este concurso se incorporen a un fichero titularidad de HOMYSPACE BUSINESS HOUSING S.L. con la finalidad de tramitar la participaci\u00f3n en el concurso e informar a los Participantes de la premio en caso de resultar Ganador. Homyspace informa que los datos personales de contacto ser\u00e1n utilizados para las siguientes finalidades: Gesti\u00f3n de la participaci\u00f3n en la Promoci\u00f3n como encargado del tratamiento (PERSONA A) y arrendador referido (PERSONA B), otorgamiento de la gratificaci\u00f3n al proveedor, en su caso, como as\u00ed como contacto y gesti\u00f3n de la informaci\u00f3n del referido arrendador con el fin de publicitar su inmueble en nuestra web. Los participantes garantizar\u00e1n que los datos personales facilitados son veraces y se hacen responsables de comunicar a HOMYSPACE BUSINESS HOUSING S.L. cualquier modificaci\u00f3n de los mismos. HOMYSPACE BUSINESS HOUSING S.L. se reserva el derecho de excluir de esta promoci\u00f3n a cualquier Participante que haya facilitado datos incorrectos o datos de terceros sin relaci\u00f3n alguna que pudiera justificar el suministro de dichos datos. Se recomienda extremar la diligencia en materia de Protecci\u00f3n de Datos con herramientas de seguridad, no siendo HOMYSPACE BUSINESS HOUSING S.L. responsable de sustracciones, modificaciones o p\u00e9rdidas il\u00edcitas de datos.<\/span><\/p>\n<p><span style=\"font-weight: 400;\">Los participantes tendr\u00e1n derecho a: (i) acceder a sus datos personales, as\u00ed como (ii) solicitar la rectificaci\u00f3n de los datos inexactos o, en su caso, solicitar su supresi\u00f3n (iii) solicitar la limitaci\u00f3n del tratamiento de sus datos (iv) rechazar el tratamiento de sus datos y (v) solicitar su portabilidad. Los participantes pueden retirar su consentimiento en cualquier momento. Los participantes tambi\u00e9n podr\u00e1n ejercer cualquiera de estos derechos al siguiente correo electr\u00f3nico privacidad@homyspace.com. Sin perjuicio de cualquier otro recurso administrativo o acci\u00f3n judicial, los Participantes tendr\u00e1n derecho a presentar una reclamaci\u00f3n ante una Autoridad de Control, en particular en el Estado miembro en el que se encuentre su residencia, lugar de trabajo o lugar de supuesta infracci\u00f3n, en caso de que el tratamiento de sus datos personales no se ajuste a la normativa, as\u00ed como en el caso de que no se haya cumplido con el ejercicio de sus derechos. La Autoridad de Control ante la que se haya presentado la reclamaci\u00f3n informar\u00e1 al reclamante sobre las actuaciones realizadas y el resultado de la reclamaci\u00f3n. Visite el siguiente enlace para obtener m\u00e1s informaci\u00f3n sobre la pol\u00edtica de privacidad de HOMYSPACE BUSINESS HOUSING S.L.: https:\/\/www.homyspace.com\/politicas\/privacidad<\/span><\/p>\n<h2><span style=\"font-weight: 400;\">10.- MODIFICACIONES<\/span><\/h2>\n<p><span style=\"font-weight: 400;\">Homyspace se reserva el derecho de modificar o ampliar las presentes condiciones promocionales, en la medida en que no perjudique o menoscabe los derechos de las partes participantes.<\/span><\/p>\n<h2><span style=\"font-weight: 400;\">11.- LEY APLICABLE Y JURISDICCI\u00d3N<\/span><\/h2>\n<p><span style=\"font-weight: 400;\">Las presentes condiciones legales se regir\u00e1n por la legislaci\u00f3n espa\u00f1ola. Ser\u00e1n competentes para resolver cualquier reclamaci\u00f3n o controversia que pudiera surgir en relaci\u00f3n con la validez, interpretaci\u00f3n o cumplimiento de las presentes condiciones legales, los Juzgados y Tribunales de la ciudad de Valencia (Espa\u00f1a).<\/span><\/p>\n","protected":false},"excerpt":{"rendered":"<p>Publicado: 13 de Febrero de 2023 Actualizado: 10 de Octubre de 2025 1.- EMPRESA ORGANIZADORA La empresa HOMYSPACE BUSINESS HOUSING,&#8230;<\/p>\n","protected":false},"author":1,"featured_media":0,"parent":0,"menu_order":0,"comment_status":"closed","ping_status":"closed","template":"","meta":{"footnotes":""},"class_list":["post-7019698","page","type-page","status-publish"],"_links":{"self":[{"href":"https:\/\/www.homyspace.com\/blog\/wp-json\/wp\/v2\/pages\/7019698","targetHints":{"allow":["GET"]}}],"collection":[{"href":"https:\/\/www.homyspace.com\/blog\/wp-json\/wp\/v2\/pages"}],"about":[{"href":"https:\/\/www.homyspace.com\/blog\/wp-json\/wp\/v2\/types\/page"}],"author":[{"embeddable":true,"href":"https:\/\/www.homyspace.com\/blog\/wp-json\/wp\/v2\/users\/1"}],"replies":[{"embeddable":true,"href":"https:\/\/www.homyspace.com\/blog\/wp-json\/wp\/v2\/comments?post=7019698"}],"version-history":[{"count":0,"href":"https:\/\/www.homyspace.com\/blog\/wp-json\/wp\/v2\/pages\/7019698\/revisions"}],"wp:attachment":[{"href":"https:\/\/www.homyspace.com\/blog\/wp-json\/wp\/v2\/media?parent=7019698"}],"curies":[{"name":"wp","href":"https:\/\/api.w.org\/{rel}","templated":true}]}}