{"id":2,"date":"2020-01-08T14:49:14","date_gmt":"2020-01-08T14:49:14","guid":{"rendered":"http:\/\/63.32.70.9.es\/alberto-homy\/?page_id=2"},"modified":"2024-12-09T14:56:23","modified_gmt":"2024-12-09T12:56:23","slug":"aviso-legal","status":"publish","type":"page","link":"https:\/\/www.homyspace.com\/blog\/aviso-legal\/","title":{"rendered":"Aviso legal y condiciones de uso"},"content":{"rendered":"<h5><span style=\"color: #ff9900;\">Publicado:\u00a0<time class=\"entry-date published\" datetime=\"2017-03-01T10:23:23+00:00\">1 marzo, 2017<\/time>\u00a0\/ Modificado:\u00a0<time class=\"entry-date published\" datetime=\"2019-10-28T11:58:56+00:00\">28 octubre, 2019<\/time><\/span><\/h5>\n<p>&nbsp;<\/p>\n<h2>Aviso legal<\/h2>\n<p>En cumplimiento del art\u00edculo 10 de la Ley 34\/2002, de 11 de julio, de Servicios de la Sociedad de la Informaci\u00f3n y Comercio Electr\u00f3nico (LSSICE), exponemos los datos identificativos de la entidad titular del sitio web https:\/\/www.homyspace.com\/ (en adelante SITIO WEB) que es titularidad de <strong>HOMYSPACE BUSINESS HOUSING, S.L.<\/strong> con <strong>CIF B-98849060<\/strong> (en adelante <strong>HOMYSPACE<\/strong>) con domicilio en Calle Pedro Duque 7, Edificio 9B, Valencia, Espa\u00f1a. HOMYSPACE est\u00e1 inscrita en el Registro Mercantil de Valencia al tomo 10166, folio 94, inscripci\u00f3n 1\u00aa con hoja V-172253<br \/>\n<strong>EMAIL<\/strong>. Para cualquier reclamaci\u00f3n en materia legal puedes contactar con nosotros a trav\u00e9s de: <a href=\"mailto:legal@homyspace.com\">legal@homyspace.com<\/a>. En materia de protecci\u00f3n de datos a trav\u00e9s de: <a href=\"mailto:privacidad@homyspace.com\">privacidad@homyspace.com<\/a> y para cualquier otra comunicaci\u00f3n: <a href=\"mailto:hola@homyspace.com\">hola@homyspace.com<\/a>.<br \/>\n<strong>TEL\u00c9FONO<\/strong>. 96 113 44 14<br \/>\n<strong>REDES<\/strong>. Adem\u00e1s tambi\u00e9n estamos presentes en redes sociales: Twitter: @homyspace, Facebook: @homyspace, Instagram: homyspace y Google+ homyspace.<\/p>\n<h2>Aceptaci\u00f3n de las condiciones de uso<\/h2>\n<p>Las presentes Condiciones de uso y Aviso legal as\u00ed como la Pol\u00edtica de privacidad, la Pol\u00edtica de cookies, las condiciones de contrataci\u00f3n y cualquier otro tipo de informaci\u00f3n legal que se facilite, rigen el acceso y utilizaci\u00f3n del SITIO WEB por tu parte, en adelante USUARIO del mismo.<\/p>\n<p>Como USUARIO del sitio web manifiestas:<br \/>\na. Que has le\u00eddo y comprendes lo aqu\u00ed expuesto;<br \/>\nb. que eres una persona mayor de 18 a\u00f1os y con capacidad suficiente para contratar;<br \/>\nc. que asumes todas las obligaciones aqu\u00ed dispuestas al acceder o utilizar tanto el SITIO WEB como los servicios que ofrecemos.<\/p>\n<h2>Contenido del sitio web<\/h2>\n<p>El hecho de acceder, permanecer y usar el SITIO WEB supone la lectura y aceptaci\u00f3n, sin reserva alguna, de las presentes condiciones y de las p\u00e1ginas de informaci\u00f3n complementaria que en ellas se puedan detallar o enlazar, referentes a la pol\u00edtica de privacidad y condiciones generales del servicio para los USUARIOS, as\u00ed como las condiciones particulares del servicio para aquellos USUARIOS que procedan a contratar alg\u00fan o servicio concreto de los ofertados por <strong>HOMYSPACE<\/strong>.<\/p>\n<p>El SITIO WEB alojado bajo el nombre de dominio <a href=\"http:\/\/www.homyspace.com\">www.homyspace.com<\/a> constituye una web corporativa que facilita informaci\u00f3n sobre los servicios que ofrece <strong>HOMYSPACE<\/strong> que consiste en efectuar labores de intermediaci\u00f3n para poner en contacto a propietarios con inquilinos, si bien, no se hace responsable de que unos y otros contraten o no el alquiler de los inmuebles que se publican en nuestra web.<\/p>\n<h2>Uso del sitio web<\/h2>\n<p>Como USUARIO te comprometes a hacer un uso diligente del contenido y de los servicios accesibles desde este SITIO WEB, con total sujeci\u00f3n a la ley, a las buenas costumbres y las presentes Condiciones Generales, y en su caso, Particulares y manteniendo el debido respeto a los dem\u00e1s USUARIOS.<\/p>\n<p>Como USUARIO renuncias a utilizar cualquiera de los materiales e informaciones contenidos en este SITIO WEB con fines il\u00edcitos, ilegales o contrarios a la buena fe y al orden p\u00fablico y expresamente prohibidos en las presentes Condiciones de Uso o actuaciones que resulten contrarias a los derechos e intereses de <strong>HOMYSPACE<\/strong>, sus miembros y\/o terceros, y deber\u00e1s responder frente a los mismos en caso de contravenir o incumplir dichas obligaciones y\/o que, de cualquier modo (incluida la introducci\u00f3n o difusi\u00f3n de \u2018virus inform\u00e1ticos\u2019), da\u00f1e, inutilice, sobrecargue, deteriore o impida la normal utilizaci\u00f3n de los materiales e informaciones contenidos en el SITIO WEB, los sistemas de informaci\u00f3n o los documentos, archivos y toda clase de contenidos almacenados en cualquier equipo inform\u00e1tico (hacking) de <strong>HOMYSPACE<\/strong>, de sus miembros o de cualquier USUARIO del SITIO WEB.<\/p>\n<p>Si, como USUARIO incumples cualquiera de las precedentes obligaciones, deber\u00e1s responder de todos los da\u00f1os y perjuicios que causes.<\/p>\n<p><strong>HOMYSPACE<\/strong> se reserva el derecho de suspender de forma inmediata la prestaci\u00f3n del servicio para retirar los contenidos presunta o declaradamente ilegales o a anular los perfiles de USUARIOS que no cumplan con estas condiciones generales, ya lo realice a su exclusivo criterio, ya a petici\u00f3n de un tercero afectado, debidamente identificado, o de la autoridad competente, sin perjuicio de la responsabilidad por da\u00f1os y perjuicios que se pudiera derivar. Dicha suspensi\u00f3n o retirada no dar\u00e1 en ning\u00fan caso derecho a indemnizaci\u00f3n ninguna.<\/p>\n<p><strong>HOMYSPACE<\/strong> se reserva la facultad de limitar la publicaci\u00f3n de opiniones, informaciones, comentarios o im\u00e1genes que los USUARIOS le hagan llegar, por lo que puede instalar, si as\u00ed lo considera oportuno, filtros a tales efectos. La anterior facultad no supone en modo alguno la obligaci\u00f3n de <strong>HOMYSPACE<\/strong> de controlar los contenidos que puedan difundirse a trav\u00e9s de su SITIO WEB, sino \u00fanicamente una expresi\u00f3n de su voluntad de evitar en la medida de lo posible que a trav\u00e9s del mismo puedan verterse contenidos u opiniones que puedan ser considerados difamatorios, violentos, racistas, sexistas, xen\u00f3fobos, discriminatorios, pornogr\u00e1ficos, que atenten contra la juventud o la infancia, el orden o que, de cualquier modo, contrar\u00eden la moral, el orden p\u00fablico o las buenas costumbres, o resulten claramente il\u00edcitos.<\/p>\n<p>No se permite el uso de los contenidos del sitio web para promocionar, contratar o divulgar publicidad o informaci\u00f3n propia o de terceras personas sin la autorizaci\u00f3n de <strong>HOMYSPACE<\/strong> ni remitir publicidad o informaci\u00f3n vali\u00e9ndose para ello de los servicios o informaci\u00f3n que se ponen a disposici\u00f3n de los usuarios, independientemente de si la utilizaci\u00f3n es gratuita o no.<br \/>\nSi decides crear un anuncio en <strong>HOMYSPACE<\/strong>, entiendes y aceptas que tu relaci\u00f3n con <strong>HOMYSPACE<\/strong> se limita a ser un miembro y un contratista independiente, externo, y no un empleado, agente, part\u00edcipe en un negocio conjunto ni socio de <strong>HOMYSPACE<\/strong> por ninguna raz\u00f3n, y que act\u00faas exclusivamente en nombre y beneficio propios, y no en nombre ni beneficio de <strong>HOMYSPACE<\/strong>.<br \/>\n<strong>HOMYSPACE<\/strong> no examina la legalidad, exactitud o complejidad de las ofertas publicadas en la plataforma o el contenido de las mismas. <strong>HOMYSPACE<\/strong> no controla, ni tiene derecho a controlar, tus actividades al margen de internet en relaci\u00f3n con tu anuncio ni otros asuntos relacionados con cualquier anuncio que ofrezca.<\/p>\n<h2>Contenidos y servicios enlazados a trav\u00e9s del sitio web<\/h2>\n<p>Los enlaces o links que contiene este SITIO WEB pueden conducirte como USUARIO a otros sitios y p\u00e1ginas web gestionadas por terceros, sobre las que <strong>HOMYSPACE<\/strong> no tiene ninguna responsabilidad.<br \/>\n<strong>HOMYSPACE<\/strong> no responde ni de los contenidos ni del estado de dichos sitios y p\u00e1ginas web y el acceso a las mismas a trav\u00e9s de este SITIO WEB tampoco implica que los recomiende o que apruebe sus contenidos. En todo caso, el acceso a dichos SITIO WEB supondr\u00e1 tener en cuenta sus propias pol\u00edticas, sin que exista responsabilidad por parte de <strong>HOMYSPACE<\/strong>.<\/p>\n<h2>Derechos de propiedad intelectual e industrial<\/h2>\n<p>Todos los materiales e informaci\u00f3n del SITIOS WEB de HOMYSPACE est\u00e1n sometidos a la normativa vigente sobre Propiedad Intelectual y\/o Industrial.<br \/>\nHOMYSPACE es titular de los derechos de propiedad industrial e intelectual del SITIO WEB, as\u00ed como de los contenidos que alberga. A t\u00edtulo meramente enunciativo, se entender\u00e1n incluidos el propio SITIO WEB, nombre de dominio, textos, im\u00e1genes, estructura, dise\u00f1o o forma de representaci\u00f3n de los elementos, gr\u00e1ficos, ficheros, archivos de sonido, grabaciones de v\u00eddeo, programas de ordenador, bases de datos, tecnolog\u00eda, know-how, marcas, signos distintivos, logos y, en general, cualquier clase de creaci\u00f3n o material accesible a trav\u00e9s del SITIO WEB susceptible de protecci\u00f3n o, en su caso, que cuente con licencia o autorizaci\u00f3n suficiente para su explotaci\u00f3n.<\/p>\n<p>Por tanto no se permite usar, reproducir, copiar, transformar, distribuir, transmitir o poner a disposici\u00f3n del p\u00fablico y, en general, cualquier otra forma de explotaci\u00f3n, parcial o total de los elementos referidos en el apartado anterior contenidos en el SITIO WEB, sin la autorizaci\u00f3n expresa, previa y por escrito de su <strong>HOMYSPACE<\/strong> y que, en todo caso, deber\u00e1n hacer referencia expl\u00edcita a la titularidad de los citados derechos de propiedad intelectual de <strong>HOMYSPACE<\/strong>. Cualquier uso del sitio web o de sus contenidos deber\u00e1 tener un car\u00e1cter exclusivamente particular.<br \/>\nLos logotipos, marcas, nombres comerciales, etc., que sea ajenos a <strong>HOMYSPACE<\/strong> y que pudieran aparecer en el SITIO WEB, pertenecen a sus respectivos propietarios siendo, en todo caso \u00e9stos, los responsables de cualquier posible controversia que pudieran darse respecto a ellos.<\/p>\n<p>Si tienes alguna duda con respecto a la propiedad de cualquiera de los contenidos, servicios y \/ o prestaciones que se ofrecen a trav\u00e9s del SITIO WEB, por favor ponte en contacto con <strong>HOMYSPACE<\/strong> para poder ayudarte.<\/p>\n<h2>Exoneraci\u00f3n de responsabilidad<\/h2>\n<p><strong>HOMYSPACE<\/strong> velar\u00e1, en la medida de sus posibilidades t\u00e9cnicas, l\u00f3gicas y de sus propios recursos t\u00e9cnicos y humanos por el correcto funcionamiento del SITIO WEB, la correcci\u00f3n de su contenido y la veracidad de lo publicado en \u00e9l.<\/p>\n<p>Sin embargo <strong>HOMYSPACE<\/strong> no puede garantizar la ausencia de virus u otros elementos lesivos, introducidos por terceros, que pudieran causar da\u00f1os o alteraciones en el sistema inform\u00e1tico, en los documentos electr\u00f3nicos o en los ficheros del usuario que visite este SITIO WEB.<\/p>\n<p><strong>HOMYSPACE<\/strong> no se hace responsable de:<br \/>\n1. Los da\u00f1os derivados del mal uso de este portal o sus contenidos por los usuarios, ni de cualquier actuaci\u00f3n realizada sobre la base de la informaci\u00f3n que en ella se facilita.<br \/>\n2.- Las opiniones vertidas por los USUARIOS a trav\u00e9s de los comentarios o aplicaciones de este SITIO WEB.<br \/>\n3. Los errores u omisiones de los que pudieran adolecer los contenidos del SITIO WEB u otros contenidos a los que se pueda acceder a trav\u00e9s del mismo.<br \/>\n4.- Las p\u00e9rdidas o da\u00f1os causados en el software y equipos inform\u00e1ticos de los usuarios o de terceros por la violaci\u00f3n de estas condiciones de uso por parte del USUARIO, por la utilizaci\u00f3n de los servicios ofrecidos en el SITIO WEB o por fallos o desconexiones en las redes de telecomunicaciones que produzcan la suspensi\u00f3n, cancelaci\u00f3n o interrupci\u00f3n del servicio del SITIO WEB durante la prestaci\u00f3n del mismo o con car\u00e1cter previo.<\/p>\n<p>En este sentido, <strong>HOMYSPACE<\/strong> ha contratado servicios avanzados de hosting del SITIO WEB, para lo cual se ha tratado de garantizar una serie de medidas de salvaguarda, seguridad e integridad de los datos alojados como son entre otras, la implementaci\u00f3n de cortafuegos en servidores y certificados de seguridad SSL para la transmisi\u00f3n cifrada de datos.<br \/>\nNo obstante te corresponde, como USUARIO, la disponibilidad de herramientas adecuadas para la detecci\u00f3n y desinfecci\u00f3n de programas inform\u00e1ticos da\u00f1inos.<\/p>\n<p><strong>HOMYSPACE<\/strong> no garantiza el contenido de los correos electr\u00f3nicos enviados desde o al Sitio, sin perjuicio de las medidas de seguridad y diligencia implementadas y de acuerdo con los est\u00e1ndares de la industria en el momento de la implementaci\u00f3n.<\/p>\n<h2>Actualizaci\u00f3n de estas condiciones<\/h2>\n<p><strong>HOMYSPACE<\/strong> informa a los usuarios de este SITIO WEB que estas Condiciones de Uso o cualquier otra plataforma de informaci\u00f3n legal que se utilice y, en general, de cuantos elementos integran el dise\u00f1o y configuraci\u00f3n del SITIO WEB, puede ser modificada introduciendo o suprimiendo condiciones del servicio. Dichas modificaciones s\u00f3lo te las notificaremos posteriormente si se trata de modificaciones sustanciales a la prestaci\u00f3n del servicio. Las notificaciones las realizaremos a trav\u00e9s de correo electr\u00f3nico o por cualquier otro medio electr\u00f3nico. Una vez realizada la modificaci\u00f3n ser\u00e1 publicada para conocimiento de todos los usuarios y se modificar\u00e1 la fecha de actualizaci\u00f3n que aparece en la informaci\u00f3n legal.<\/p>\n<p>La modificaci\u00f3n o adici\u00f3n introducida se har\u00e1 efectiva inmediatamente despu\u00e9s de que se publique en el SITIO WEB. Dichas modificaciones no tendr\u00e1n car\u00e1cter retroactivo.<br \/>\nComo USUARIO, reconoces y aceptas que quedas vinculado por las condiciones aplicables al SITIO WEB en cada momento y te comprometes a actuar y cumplir con ellas en consecuencia.<\/p>\n<h2>Legislaci\u00f3n y jurisdicci\u00f3n aplicable<\/h2>\n<p>Estas Condiciones de Uso se regir\u00e1n e interpretar\u00e1n conforme a la legislaci\u00f3n espa\u00f1ola. <strong>HOMYSPACE<\/strong> y el USUARIO acuerdan someter cualquier controversia que pudiera suscitarse de la prestaci\u00f3n de los servicios objeto de \u00e9ste aviso legal y condiciones de uso, a los Juzgados y Tribunales correspondientes al domicilio del USUARIO.<\/p>\n<p>&nbsp;<\/p>\n","protected":false},"excerpt":{"rendered":"<p>Publicado:\u00a01 marzo, 2017\u00a0\/ Modificado:\u00a028 octubre, 2019 &nbsp; Aviso legal En cumplimiento del art\u00edculo 10 de la Ley 34\/2002, de 11&#8230;<\/p>\n","protected":false},"author":1,"featured_media":0,"parent":0,"menu_order":0,"comment_status":"closed","ping_status":"open","template":"","meta":{"footnotes":""},"class_list":["post-2","page","type-page","status-publish"],"_links":{"self":[{"href":"https:\/\/www.homyspace.com\/blog\/wp-json\/wp\/v2\/pages\/2","targetHints":{"allow":["GET"]}}],"collection":[{"href":"https:\/\/www.homyspace.com\/blog\/wp-json\/wp\/v2\/pages"}],"about":[{"href":"https:\/\/www.homyspace.com\/blog\/wp-json\/wp\/v2\/types\/page"}],"author":[{"embeddable":true,"href":"https:\/\/www.homyspace.com\/blog\/wp-json\/wp\/v2\/users\/1"}],"replies":[{"embeddable":true,"href":"https:\/\/www.homyspace.com\/blog\/wp-json\/wp\/v2\/comments?post=2"}],"version-history":[{"count":0,"href":"https:\/\/www.homyspace.com\/blog\/wp-json\/wp\/v2\/pages\/2\/revisions"}],"wp:attachment":[{"href":"https:\/\/www.homyspace.com\/blog\/wp-json\/wp\/v2\/media?parent=2"}],"curies":[{"name":"wp","href":"https:\/\/api.w.org\/{rel}","templated":true}]}}